{"id":765,"date":"2012-06-13T08:21:17","date_gmt":"2012-06-13T07:21:17","guid":{"rendered":"https:\/\/promeditec.ch\/?page_id=765"},"modified":"2022-08-06T10:28:25","modified_gmt":"2022-08-06T08:28:25","slug":"excellent-systems","status":"publish","type":"page","link":"https:\/\/promeditec.ch\/de\/excellent-systems\/","title":{"rendered":"Excellent-Systems"},"content":{"rendered":"<p>Mit dem Excellent Rampen-System k\u00f6nnen Sie schnell, einfach und zu einem guten Preis (beinahe) alle Rampen bauen, die Sie ben\u00f6tigen. Die Excellent-Rampen oder Bel\u00e4ge sind einfach modulierbar; daher kann man :<\/p>\n<ul>\n<li>die Rampen an jede Form eines Eingages anpassen und auch die H\u00f6henunterschiede \u00fcberbr\u00fccken,<\/li>\n<li>Stufen \u00fcberbauen.<\/li>\n<li>die Platten jederzeit auseinander nehmen und neu zusammenbauen.<\/li>\n<li>Auffahrten speziell nach Bedarf abstufen oder sogar eine plane Ausruh-Fl\u00e4che einbauen.<\/li>\n<li>eine L\u00f6sung mit Eck- oder Innenrampen bauen; dies erm\u00f6glicht eine gefahrenlose Benutzung der Rampe von allen Seiten.<\/li>\n<\/ul>\n<p>Nur Ihre Fantasie setzt den M\u00f6glichkeiten Grenzen.<\/p>","protected":false},"excerpt":{"rendered":"<p>Mit dem Excellent Rampen-System k\u00f6nnen Sie schnell, einfach und zu einem guten Preis (beinahe) alle Rampen bauen, die Sie ben\u00f6tigen. Die Excellent-Rampen oder Bel\u00e4ge sind einfach modulierbar; daher kann man : die Rampen an jede Form eines Eingages anpassen und auch die H\u00f6henunterschiede \u00fcberbr\u00fccken, Stufen \u00fcberbauen. die Platten jederzeit auseinander nehmen und neu zusammenbauen. Auffahrten speziell nach Bedarf abstufen oder sogar eine plane Ausruh-Fl\u00e4che einbauen. eine L\u00f6sung mit Eck- oder Innenrampen bauen; dies erm\u00f6glicht eine gefahrenlose Benutzung der Rampe von allen Seiten. Nur Ihre Fantasie setzt den M\u00f6glichkeiten Grenzen.<\/p>\n","protected":false},"author":6,"featured_media":0,"parent":0,"menu_order":0,"comment_status":"closed","ping_status":"closed","template":"page-excellentsystems.php","meta":[],"acf":[],"_links":{"self":[{"href":"https:\/\/promeditec.ch\/de\/wp-json\/wp\/v2\/pages\/765"}],"collection":[{"href":"https:\/\/promeditec.ch\/de\/wp-json\/wp\/v2\/pages"}],"about":[{"href":"https:\/\/promeditec.ch\/de\/wp-json\/wp\/v2\/types\/page"}],"author":[{"embeddable":true,"href":"https:\/\/promeditec.ch\/de\/wp-json\/wp\/v2\/users\/6"}],"replies":[{"embeddable":true,"href":"https:\/\/promeditec.ch\/de\/wp-json\/wp\/v2\/comments?post=765"}],"version-history":[{"count":3,"href":"https:\/\/promeditec.ch\/de\/wp-json\/wp\/v2\/pages\/765\/revisions"}],"predecessor-version":[{"id":2580,"href":"https:\/\/promeditec.ch\/de\/wp-json\/wp\/v2\/pages\/765\/revisions\/2580"}],"wp:attachment":[{"href":"https:\/\/promeditec.ch\/de\/wp-json\/wp\/v2\/media?parent=765"}],"curies":[{"name":"wp","href":"https:\/\/api.w.org\/{rel}","templated":true}]}}