{"id":4254,"date":"2012-06-12T22:06:33","date_gmt":"2012-06-12T20:06:33","guid":{"rendered":"https:\/\/promeditec.ch\/?page_id=4254"},"modified":"2025-05-14T15:03:16","modified_gmt":"2025-05-14T13:03:16","slug":"sieges-enfants","status":"publish","type":"page","link":"https:\/\/promeditec.ch\/de\/sieges-enfants\/","title":{"rendered":"Autositze"},"content":{"rendered":"<p>Das Ziel der Firma Hernik ist seit \u00fcber 20 Jahren, jedem Kind bzw. Jugendlichen mit Einschr\u00e4nkungen einen sicheren Transport im Auto zu erm\u00f6glichen.<\/p>\n<p><strong><br \/>\nAuto Kindersitze (R\u00fcckhaltesysteme f\u00fcr Kinder),<br \/>\n<\/strong><strong>Informationen zu den geltenden Normen<\/strong>:<\/p>\n<p>Die \u00dcbergangsfrist von der Norm ECE 44\/04 zur Norm R129\/3 endete am 31.08.2024.<br \/>\nInfolgedessen wurden verschiedene Sitzmodelle ersetzt oder befinden sich in der Entwicklung.<\/p>\n<p><strong>\u00c4nderungen im Jahr 2024 :<br \/>\n<\/strong>&#8211; Der KIDSFLEX wurde durch den KIDSFLEX R129-Edition ersetzt.<br \/>\n&#8211; Der IPAI-LGT wurde durch den IPAI-MINI ersetzt.<br \/>\n&#8211; Die IPAI-NXT wurde durch die IPAI-MAX ersetzt.<\/p>\n<p><strong>Fr\u00fchjahr 2025 :<br \/>\n<\/strong>&#8211; Das Angebot der KIDSFLEX-Sitze wird um den KIDSFLEX-PRO erweitert.<\/p>\n<p>&nbsp;<\/p>","protected":false},"excerpt":{"rendered":"<p>Das Ziel der Firma Hernik ist seit \u00fcber 20 Jahren, jedem Kind bzw. Jugendlichen mit Einschr\u00e4nkungen einen sicheren Transport im Auto zu erm\u00f6glichen. Auto Kindersitze (R\u00fcckhaltesysteme f\u00fcr Kinder), Informationen zu den geltenden Normen: Die \u00dcbergangsfrist von der Norm ECE 44\/04 zur Norm R129\/3 endete am 31.08.2024. Infolgedessen wurden verschiedene Sitzmodelle ersetzt oder befinden sich in der Entwicklung. \u00c4nderungen im Jahr 2024 : &#8211; Der KIDSFLEX wurde durch den KIDSFLEX R129-Edition ersetzt. &#8211; Der IPAI-LGT wurde durch den IPAI-MINI ersetzt. &#8211; Die IPAI-NXT wurde durch die IPAI-MAX ersetzt. Fr\u00fchjahr 2025 : &#8211; Das Angebot der KIDSFLEX-Sitze wird um den KIDSFLEX-PRO erweitert. &nbsp;<\/p>\n","protected":false},"author":6,"featured_media":0,"parent":0,"menu_order":0,"comment_status":"closed","ping_status":"closed","template":"page-siegesenfants.php","meta":[],"acf":[],"_links":{"self":[{"href":"https:\/\/promeditec.ch\/de\/wp-json\/wp\/v2\/pages\/4254"}],"collection":[{"href":"https:\/\/promeditec.ch\/de\/wp-json\/wp\/v2\/pages"}],"about":[{"href":"https:\/\/promeditec.ch\/de\/wp-json\/wp\/v2\/types\/page"}],"author":[{"embeddable":true,"href":"https:\/\/promeditec.ch\/de\/wp-json\/wp\/v2\/users\/6"}],"replies":[{"embeddable":true,"href":"https:\/\/promeditec.ch\/de\/wp-json\/wp\/v2\/comments?post=4254"}],"version-history":[{"count":3,"href":"https:\/\/promeditec.ch\/de\/wp-json\/wp\/v2\/pages\/4254\/revisions"}],"predecessor-version":[{"id":5243,"href":"https:\/\/promeditec.ch\/de\/wp-json\/wp\/v2\/pages\/4254\/revisions\/5243"}],"wp:attachment":[{"href":"https:\/\/promeditec.ch\/de\/wp-json\/wp\/v2\/media?parent=4254"}],"curies":[{"name":"wp","href":"https:\/\/api.w.org\/{rel}","templated":true}]}}