{"id":2387,"date":"2014-12-09T10:17:14","date_gmt":"2014-12-09T09:17:14","guid":{"rendered":"https:\/\/promeditec.ch\/?page_id=2387"},"modified":"2023-03-02T11:54:49","modified_gmt":"2023-03-02T09:54:49","slug":"ormesa","status":"publish","type":"page","link":"https:\/\/promeditec.ch\/de\/ormesa\/","title":{"rendered":"Ormesa"},"content":{"rendered":"<p><strong><a href=\"http:\/\/www.ormesa.com\">Ormesa<\/a> &#8211; 40 Jahre Forschung und Entwicklung<\/strong><\/p>\n<p>F\u00fcr Ormesa sind Qualit\u00e4t, Forschung und Innovation aktive Prozesse, die alle Abteilungen des Unternehmens einbeziehen. Unsere Hilfsmittel f\u00fcr die Unterst\u00fctzung der K\u00f6rperhaltung von Menschen mit Behinderungen und \u00e4lteren Menschen sind das Ergebnis eines konstanten Strebens nach Exzellenz, das sich in technischen L\u00f6sungen und Materialien ausdr\u00fcckt, die die internationalen Qualit\u00e4ts- und Sicherheitsstandards \u00fcbertreffen. Im Laufe der Jahre haben wir nie unser Ziel aus den Augen verloren: originelle Produkte zu schaffen, die das Leben unserer Benutzer verbessern.<\/p>\n<p>PromediTec importiert die Ormesa Produkte seit 2015.<\/p>","protected":false},"excerpt":{"rendered":"<p>Ormesa &#8211; 40 Jahre Forschung und Entwicklung F\u00fcr Ormesa sind Qualit\u00e4t, Forschung und Innovation aktive Prozesse, die alle Abteilungen des Unternehmens einbeziehen. Unsere Hilfsmittel f\u00fcr die Unterst\u00fctzung der K\u00f6rperhaltung von Menschen mit Behinderungen und \u00e4lteren Menschen sind das Ergebnis eines konstanten Strebens nach Exzellenz, das sich in technischen L\u00f6sungen und Materialien ausdr\u00fcckt, die die internationalen Qualit\u00e4ts- und Sicherheitsstandards \u00fcbertreffen. Im Laufe der Jahre haben wir nie unser Ziel aus den Augen verloren: originelle Produkte zu schaffen, die das Leben unserer Benutzer verbessern. PromediTec importiert die Ormesa Produkte seit 2015.<\/p>\n","protected":false},"author":6,"featured_media":0,"parent":0,"menu_order":0,"comment_status":"closed","ping_status":"closed","template":"page-ormesa.php","meta":[],"acf":[],"_links":{"self":[{"href":"https:\/\/promeditec.ch\/de\/wp-json\/wp\/v2\/pages\/2387"}],"collection":[{"href":"https:\/\/promeditec.ch\/de\/wp-json\/wp\/v2\/pages"}],"about":[{"href":"https:\/\/promeditec.ch\/de\/wp-json\/wp\/v2\/types\/page"}],"author":[{"embeddable":true,"href":"https:\/\/promeditec.ch\/de\/wp-json\/wp\/v2\/users\/6"}],"replies":[{"embeddable":true,"href":"https:\/\/promeditec.ch\/de\/wp-json\/wp\/v2\/comments?post=2387"}],"version-history":[{"count":3,"href":"https:\/\/promeditec.ch\/de\/wp-json\/wp\/v2\/pages\/2387\/revisions"}],"predecessor-version":[{"id":4868,"href":"https:\/\/promeditec.ch\/de\/wp-json\/wp\/v2\/pages\/2387\/revisions\/4868"}],"wp:attachment":[{"href":"https:\/\/promeditec.ch\/de\/wp-json\/wp\/v2\/media?parent=2387"}],"curies":[{"name":"wp","href":"https:\/\/api.w.org\/{rel}","templated":true}]}}